{"id":30,"date":"2025-02-24T11:38:41","date_gmt":"2025-02-24T11:38:41","guid":{"rendered":"https:\/\/elastic-heyrovsky.178-16-25-19.plesk.page\/?page_id=30"},"modified":"2025-03-20T07:11:45","modified_gmt":"2025-03-20T07:11:45","slug":"paradresacija","status":"publish","type":"page","link":"https:\/\/printerim.lv\/","title":{"rendered":"P\u0101radres\u0101cija"},"content":{"rendered":"\n<p class=\"has-text-align-center has-black-color has-text-color has-link-color wp-elements-afb4197c0bb0c0b5cc92b6d6e237069b\" style=\"font-size:25px\"><strong>Paldies <a href=\"https:\/\/printeriem.lv\/\" data-type=\"page\" data-id=\"30\">Printerim.lv<\/a> klientiem par sadarb\u012bbu!<\/strong><\/p>\n\n\n\n<div class=\"wp-block-columns is-layout-flex wp-container-core-columns-is-layout-28f84493 wp-block-columns-is-layout-flex\">\n<div class=\"wp-block-column is-layout-flow wp-block-column-is-layout-flow\">\n<p class=\"has-text-align-left has-black-color has-text-color has-link-color wp-elements-6182af21c409adf5a5f14657b438c4a0\" style=\"font-size:22px\">\ud83d\udcc5 <strong>No 2025. gada 1. janv\u0101ra <a href=\"https:\/\/printeriem.lv\/\" data-type=\"page\" data-id=\"30\">Printerim.lv<\/a> maina nosaukumu un rekviz\u012btus.<\/strong><\/p>\n\n\n\n<p class=\"has-text-align-left has-black-color has-text-color has-link-color wp-elements-136af585c2350bc90b709a225270bac1\">M\u0113s turpin\u0101m darbu k\u0101 <strong><a href=\"http:\/\/uzpilde.lv\" data-type=\"link\" data-id=\"uzpilde.lv\">Uzpilde.lv<\/a><\/strong> priv\u0101tperson\u0101m!<\/p>\n\n\n\n<p class=\"has-text-align-left has-black-color has-text-color has-link-color wp-elements-4a239377b9d9f89a0be7cb3456dfe0ea\"><strong><a href=\"http:\/\/veikals.lv\">Veikals.lv<\/a> \u2013 <\/strong>Kancelejas un saimniec\u012bbas preces, kafija, k\u0101 ar\u012b kasetnes ar <strong>bezmaksas pieg\u0101di no 30\u20ac + PVN<\/strong> <em>(juridisk\u0101m person\u0101m un uz\u0146\u0113mumiem).<\/em><\/p>\n\n\n\n<p class=\"has-text-align-left has-black-color has-text-color has-link-color wp-elements-ab85170d3896001f04c1f475b80347c4\">\u2705 <strong>Visi j\u016bsu rekviz\u012bti un pas\u016bt\u012bjumu v\u0113sture ir saglab\u0101ti.<\/strong><br>\u2705 <strong>Telefoni un e-pasts paliek akt\u012bvi.<\/strong><\/p>\n<\/div>\n\n\n\n<div class=\"wp-block-column is-vertically-aligned-center is-layout-flow wp-container-core-column-is-layout-7b8cdcb2 wp-block-column-is-layout-flow\" style=\"padding-top:0;padding-right:0;padding-bottom:0;padding-left:0\">\n<h3 class=\"wp-block-heading has-text-align-center has-black-color has-text-color has-link-color wp-elements-a7101e30a24072970a322f7b509cfd27\" style=\"font-size:22px\"><strong><strong>Izv\u0113lieties, kur p\u0101riet:<\/strong><\/strong><\/h3>\n\n\n\n<div class=\"wp-block-columns are-vertically-aligned-center is-not-stacked-on-mobile is-layout-flex wp-container-core-columns-is-layout-28f84493 wp-block-columns-is-layout-flex\">\n<div class=\"wp-block-column is-vertically-aligned-center is-layout-flow wp-block-column-is-layout-flow\">\n<p class=\"has-text-align-center has-black-color has-text-color has-link-color wp-elements-f99f817a0bd7ecb9fa2fed431dfca812\">\ud83c\udfe2 <strong>Juridisk\u0101m person\u0101m un uz\u0146\u0113mumiem<\/strong><\/p>\n\n\n\n<p class=\"has-text-align-center has-black-color has-text-color has-link-color wp-elements-aaeb2743703d5e4f92c9d42fb3e4c681\">\ud83d\uded2 <strong>Priv\u0101tperson\u0101m<\/strong><\/p>\n<\/div>\n\n\n\n<div class=\"wp-block-column is-vertically-aligned-center is-layout-flow wp-block-column-is-layout-flow\">\n<div class=\"wp-block-buttons is-layout-flex wp-block-buttons-is-layout-flex\">\n<div class=\"wp-block-button has-custom-width wp-block-button__width-100\"><a class=\"wp-block-button__link has-ast-global-color-7-color has-text-color has-link-color wp-element-button\" href=\"http:\/\/veikals.lv\">P\u0101riet uz Veikals.lv<\/a><\/div>\n<\/div>\n\n\n\n<div class=\"wp-block-buttons is-layout-flex wp-block-buttons-is-layout-flex\">\n<div class=\"wp-block-button has-custom-width wp-block-button__width-100\"><a class=\"wp-block-button__link has-ast-global-color-7-color has-text-color has-link-color wp-element-button\" href=\"http:\/\/uzpilde.lv\">P\u0101riet uz Uzpilde.lv<\/a><\/div>\n<\/div>\n<\/div>\n<\/div>\n<\/div>\n<\/div>\n\n\n\n<p class=\"has-text-align-center\">Ja jums ir jaut\u0101jumi vai nepiecie\u0161ama papildu inform\u0101cija, sazinieties ar mums, rakstot uz<br>\ud83d\udce7 <strong><a href=\"mailto:info@printeriem.lv\">info@printerim.lv<\/a><\/strong><\/p>\n\n\n\n<p><\/p>\n","protected":false},"excerpt":{"rendered":"<p>Paldies Printerim.lv klientiem par sadarb\u012bbu! \ud83d\udcc5 No 2025. gada 1. janv\u0101ra Printerim.lv maina nosaukumu un rekviz\u012btus. M\u0113s turpin\u0101m darbu k\u0101 [&hellip;]<\/p>\n","protected":false},"author":1,"featured_media":0,"parent":0,"menu_order":0,"comment_status":"closed","ping_status":"closed","template":"","meta":{"site-sidebar-layout":"default","site-content-layout":"","ast-site-content-layout":"","site-content-style":"default","site-sidebar-style":"default","ast-global-header-display":"","ast-banner-title-visibility":"","ast-main-header-display":"","ast-hfb-above-header-display":"","ast-hfb-below-header-display":"","ast-hfb-mobile-header-display":"","site-post-title":"disabled","ast-breadcrumbs-content":"","ast-featured-img":"","footer-sml-layout":"","theme-transparent-header-meta":"","adv-header-id-meta":"","stick-header-meta":"","header-above-stick-meta":"","header-main-stick-meta":"","header-below-stick-meta":"","astra-migrate-meta-layouts":"default","ast-page-background-enabled":"default","ast-page-background-meta":{"desktop":{"background-color":"var(--ast-global-color-5)","background-image":"","background-repeat":"repeat","background-position":"center center","background-size":"auto","background-attachment":"scroll","background-type":"","background-media":"","overlay-type":"","overlay-color":"","overlay-opacity":"","overlay-gradient":""},"tablet":{"background-color":"","background-image":"","background-repeat":"repeat","background-position":"center center","background-size":"auto","background-attachment":"scroll","background-type":"","background-media":"","overlay-type":"","overlay-color":"","overlay-opacity":"","overlay-gradient":""},"mobile":{"background-color":"","background-image":"","background-repeat":"repeat","background-position":"center center","background-size":"auto","background-attachment":"scroll","background-type":"","background-media":"","overlay-type":"","overlay-color":"","overlay-opacity":"","overlay-gradient":""}},"ast-content-background-meta":{"desktop":{"background-color":"var(--ast-global-color-4)","background-image":"","background-repeat":"repeat","background-position":"center center","background-size":"auto","background-attachment":"scroll","background-type":"","background-media":"","overlay-type":"","overlay-color":"","overlay-opacity":"","overlay-gradient":""},"tablet":{"background-color":"var(--ast-global-color-4)","background-image":"","background-repeat":"repeat","background-position":"center center","background-size":"auto","background-attachment":"scroll","background-type":"","background-media":"","overlay-type":"","overlay-color":"","overlay-opacity":"","overlay-gradient":""},"mobile":{"background-color":"var(--ast-global-color-4)","background-image":"","background-repeat":"repeat","background-position":"center center","background-size":"auto","background-attachment":"scroll","background-type":"","background-media":"","overlay-type":"","overlay-color":"","overlay-opacity":"","overlay-gradient":""}},"footnotes":""},"class_list":["post-30","page","type-page","status-publish","hentry"],"_links":{"self":[{"href":"https:\/\/printerim.lv\/index.php?rest_route=\/wp\/v2\/pages\/30","targetHints":{"allow":["GET"]}}],"collection":[{"href":"https:\/\/printerim.lv\/index.php?rest_route=\/wp\/v2\/pages"}],"about":[{"href":"https:\/\/printerim.lv\/index.php?rest_route=\/wp\/v2\/types\/page"}],"author":[{"embeddable":true,"href":"https:\/\/printerim.lv\/index.php?rest_route=\/wp\/v2\/users\/1"}],"replies":[{"embeddable":true,"href":"https:\/\/printerim.lv\/index.php?rest_route=%2Fwp%2Fv2%2Fcomments&post=30"}],"version-history":[{"count":10,"href":"https:\/\/printerim.lv\/index.php?rest_route=\/wp\/v2\/pages\/30\/revisions"}],"predecessor-version":[{"id":106,"href":"https:\/\/printerim.lv\/index.php?rest_route=\/wp\/v2\/pages\/30\/revisions\/106"}],"wp:attachment":[{"href":"https:\/\/printerim.lv\/index.php?rest_route=%2Fwp%2Fv2%2Fmedia&parent=30"}],"curies":[{"name":"wp","href":"https:\/\/api.w.org\/{rel}","templated":true}]}}